{"id":12,"date":"2023-01-19T09:02:16","date_gmt":"2023-01-19T09:02:16","guid":{"rendered":"https:\/\/coloniasamigas.com\/revista\/login-page\/"},"modified":"2024-08-16T06:25:11","modified_gmt":"2024-08-16T06:25:11","slug":"login-page","status":"publish","type":"page","link":"https:\/\/coloniasamigas.com\/revista\/login-page\/","title":{"rendered":"Login Page"},"content":{"rendered":"\t\t<div data-elementor-type=\"wp-page\" data-elementor-id=\"12\" class=\"elementor elementor-12\">\n\t\t\t\t\t\t<section class=\"elementor-section elementor-top-section elementor-element elementor-element-37b6a924 elementor-section-boxed elementor-section-height-default elementor-section-height-default wpr-particle-no wpr-jarallax-no wpr-parallax-no wpr-sticky-section-no wpr-equal-height-no\" data-id=\"37b6a924\" data-element_type=\"section\" data-e-type=\"section\">\n\t\t\t\t\t\t<div class=\"elementor-container elementor-column-gap-default\">\n\t\t\t\t\t<div class=\"elementor-column elementor-col-100 elementor-top-column elementor-element elementor-element-7deef374\" data-id=\"7deef374\" data-element_type=\"column\" data-e-type=\"column\">\n\t\t\t<div class=\"elementor-widget-wrap elementor-element-populated\">\n\t\t\t\t\t\t<div class=\"elementor-element elementor-element-4f24f3dd elementor-widget elementor-widget-shortcode\" data-id=\"4f24f3dd\" data-element_type=\"widget\" data-e-type=\"widget\" data-widget_type=\"shortcode.default\">\n\t\t\t\t<div class=\"elementor-widget-container\">\n\t\t\t\t\t\t\t<div class=\"elementor-shortcode\"><div class=\"login-form-container cth-wide-form\">\n    \n    <!-- Show errors if there are any -->\n    \n    <!-- Show logged out message if user just logged out -->\n    \n    \n         \n    <form name=\"loginform\" id=\"loginform\" action=\"https:\/\/coloniasamigas.com\/revista\/wp-login.php\" method=\"post\"><p class=\"login-username\">\n\t\t\t\t<label for=\"user_login\">Username<\/label>\n\t\t\t\t<input type=\"text\" name=\"log\" id=\"user_login\" autocomplete=\"username\" class=\"input\" value=\"\" size=\"20\" \/>\n\t\t\t<\/p><p class=\"login-password\">\n\t\t\t\t<label for=\"user_pass\">Contrase\u00f1a<\/label>\n\t\t\t\t<input type=\"password\" name=\"pwd\" id=\"user_pass\" autocomplete=\"current-password\" spellcheck=\"false\" class=\"input\" value=\"\" size=\"20\" \/>\n\t\t\t<\/p><input type=\"hidden\" name=\"cth-enable-recaptcha\" value=\"1\"><p class=\"login-remember\"><label><input name=\"rememberme\" type=\"checkbox\" id=\"rememberme\" value=\"forever\" \/> Recu\u00e9rdame<\/label><\/p><p class=\"login-submit\">\n\t\t\t\t<input type=\"submit\" name=\"wp-submit\" id=\"wp-submit\" class=\"button button-primary\" value=\"Sign In\" \/>\n\t\t\t\t<input type=\"hidden\" name=\"redirect_to\" value=\"\" \/>\n\t\t\t<\/p><\/form>     \n    <p><a class=\"forgot-password\" href=\"https:\/\/coloniasamigas.com\/revista\/forget-password-page\/\">\n        Forgot your password?    <\/a> | <a class=\"forgot-password\" href=\"https:\/\/coloniasamigas.com\/revista\/wp-login.php?action=register\">\n        Register new account    <\/a><\/p>\n\n        <div class=\"dfsoc-log fl-wrap\">\n        <p>Para iniciar sesi\u00f3n o registrarse m\u00e1s r\u00e1pido, utilice su cuenta social.<\/p>\r\n[fbl_login_button redirect=\"\" hide_if_logged=\"\" size=\"large\" type=\"continue_with\" show_face=\"true\"]    <\/div>\n        \n<\/div>\n<\/div>\n\t\t\t\t\t\t<\/div>\n\t\t\t\t<\/div>\n\t\t\t\t\t<\/div>\n\t\t<\/div>\n\t\t\t\t\t<\/div>\n\t\t<\/section>\n\t\t\t\t<\/div>\n\t\t","protected":false},"excerpt":{"rendered":"","protected":false},"author":1,"featured_media":0,"parent":0,"menu_order":0,"comment_status":"closed","ping_status":"closed","template":"page-sidebar-no.php","meta":{"footnotes":""},"class_list":["post-12","page","type-page","status-publish","hentry"],"_links":{"self":[{"href":"https:\/\/coloniasamigas.com\/revista\/wp-json\/wp\/v2\/pages\/12","targetHints":{"allow":["GET"]}}],"collection":[{"href":"https:\/\/coloniasamigas.com\/revista\/wp-json\/wp\/v2\/pages"}],"about":[{"href":"https:\/\/coloniasamigas.com\/revista\/wp-json\/wp\/v2\/types\/page"}],"author":[{"embeddable":true,"href":"https:\/\/coloniasamigas.com\/revista\/wp-json\/wp\/v2\/users\/1"}],"replies":[{"embeddable":true,"href":"https:\/\/coloniasamigas.com\/revista\/wp-json\/wp\/v2\/comments?post=12"}],"version-history":[{"count":9,"href":"https:\/\/coloniasamigas.com\/revista\/wp-json\/wp\/v2\/pages\/12\/revisions"}],"predecessor-version":[{"id":9558,"href":"https:\/\/coloniasamigas.com\/revista\/wp-json\/wp\/v2\/pages\/12\/revisions\/9558"}],"wp:attachment":[{"href":"https:\/\/coloniasamigas.com\/revista\/wp-json\/wp\/v2\/media?parent=12"}],"curies":[{"name":"wp","href":"https:\/\/api.w.org\/{rel}","templated":true}]}}